{"id":1089,"date":"2024-10-09T03:29:54","date_gmt":"2024-10-09T03:29:54","guid":{"rendered":"https:\/\/radocza.edu.pl\/edu\/?page_id=1089"},"modified":"2024-10-22T07:27:47","modified_gmt":"2024-10-22T07:27:47","slug":"dokumenty","status":"publish","type":"page","link":"https:\/\/radocza.edu.pl\/edu\/szkola\/dokumenty\/","title":{"rendered":"Dokumenty"},"content":{"rendered":"\t\t<div data-elementor-type=\"wp-page\" data-elementor-id=\"1089\" class=\"elementor elementor-1089\">\n\t\t\t\t<div class=\"elementor-element elementor-element-7998c3b rs_pad-sec e-flex e-con-boxed e-con e-parent\" data-id=\"7998c3b\" data-element_type=\"container\" data-e-type=\"container\">\n\t\t\t\t\t<div class=\"e-con-inner\">\n\t\t\t\t<div class=\"elementor-element elementor-element-31d5ddd sr_title elementor-widget elementor-widget-heading\" data-id=\"31d5ddd\" data-element_type=\"widget\" data-e-type=\"widget\" data-widget_type=\"heading.default\">\n\t\t\t\t<div class=\"elementor-widget-container\">\n\t\t\t\t\t<h2 class=\"elementor-heading-title elementor-size-default\">Szko\u0142a<\/h2>\t\t\t\t<\/div>\n\t\t\t\t<\/div>\n\t\t\t\t<div class=\"elementor-element elementor-element-c6d40ab elementor-invisible elementor-widget elementor-widget-heading\" data-id=\"c6d40ab\" data-element_type=\"widget\" data-e-type=\"widget\" data-settings=\"{&quot;_animation&quot;:&quot;bounceInLeft&quot;}\" data-widget_type=\"heading.default\">\n\t\t\t\t<div class=\"elementor-widget-container\">\n\t\t\t\t\t<div class=\"elementor-heading-title elementor-size-default\">Dokumenty\n<\/div>\t\t\t\t<\/div>\n\t\t\t\t<\/div>\n\t\t\t\t\t<\/div>\n\t\t\t\t<\/div>\n\t\t<div class=\"elementor-element elementor-element-6267c9f rs_pad-sec e-flex e-con-boxed e-con e-parent\" data-id=\"6267c9f\" data-element_type=\"container\" data-e-type=\"container\">\n\t\t\t\t\t<div class=\"e-con-inner\">\n\t\t<div class=\"elementor-element elementor-element-fa881c2 e-grid e-con-full e-con e-child\" data-id=\"fa881c2\" data-element_type=\"container\" data-e-type=\"container\">\n\t\t<div class=\"elementor-element elementor-element-aae44d3 e-con-full e-flex e-con e-child\" data-id=\"aae44d3\" data-element_type=\"container\" data-e-type=\"container\">\n\t\t\t\t<div class=\"elementor-element elementor-element-c1970f2 elementor-widget elementor-widget-heading\" data-id=\"c1970f2\" data-element_type=\"widget\" data-e-type=\"widget\" data-widget_type=\"heading.default\">\n\t\t\t\t<div class=\"elementor-widget-container\">\n\t\t\t\t\t<h4 class=\"elementor-heading-title elementor-size-default\">Szko\u0142a<\/h4>\t\t\t\t<\/div>\n\t\t\t\t<\/div>\n\t\t\t\t<div class=\"elementor-element elementor-element-367ccce elementor-widget elementor-widget-ucaddon_uc_material_bullets\" data-id=\"367ccce\" data-element_type=\"widget\" data-e-type=\"widget\" data-widget_type=\"ucaddon_uc_material_bullets.default\">\n\t\t\t\t<div class=\"elementor-widget-container\">\n\t\t\t\t\t\n<!-- start Icon Bullets -->\n\t\t<link id='font-awesome-css' href='https:\/\/radocza.edu.pl\/edu\/wp-content\/plugins\/unlimited-elements-for-elementor\/assets_libraries\/font-awesome6\/fontawesome-all.min.css' type='text\/css' rel='stylesheet' >\n\t\t<link id='font-awesome-4-shim-css' href='https:\/\/radocza.edu.pl\/edu\/wp-content\/plugins\/unlimited-elements-for-elementor\/assets_libraries\/font-awesome6\/fontawesome-v4-shims.min.css' type='text\/css' rel='stylesheet' >\n\n<style>\/* widget: Icon Bullets *\/\n\n\n\n#uc_uc_material_bullets_elementor_367ccce *{\n\t-webkit-box-sizing: border-box;\n\t-moz-box-sizing: border-box;\n\tbox-sizing: border-box;\n}\n\n#uc_uc_material_bullets_elementor_367ccce .ue-icon-wrapper{\n\tdisplay: flex;\n}\n\n#uc_uc_material_bullets_elementor_367ccce .ue-icon{\n  display:flex;\n  align-items:center;\n  justify-content:center;\n  flex-grow:0;\n  flex-shrink:0;\n  line-height:1em;\n  transition:0.3s;\n}\n\n#uc_uc_material_bullets_elementor_367ccce .ue-icon svg{\n  height:1em;\n  width:1em;\n}\n\n#uc_uc_material_bullets_elementor_367ccce .uc_material_bullets_row{\n\tfont-weight:400;\n\toverflow:hidden;\n\tdisplay:flex;\n\tposition:relative;\n\ttext-align:left;\n\twidth:100%;   \n    transition:0.3s;\n}\n\n#uc_uc_material_bullets_elementor_367ccce .uc_material_bullets_row a.ue-item-link{\n  position:absolute;\n  display:block;\n  top:0;\n  right:0;\n  left:0;\n  bottom:0;\n}\n\n#uc_uc_material_bullets_elementor_367ccce .uc_material_bullets_row:last-child{\n\tmargin-bottom:0px !important;\n}\n\n\n#uc_uc_material_bullets_elementor_367ccce .uc_material_bullets_row {\n\tposition:relative;\n\tvertical-align:middle;\n}\n\n#uc_uc_material_bullets_elementor_367ccce .uc_material_bullets_row .uc_content_box{\n\tdisplay:flex;\n    flex-direction:column;\n    justify-content:center;\n    align-items: flex-start;\n    flex-grow:1;\n}\n\n#uc_uc_material_bullets_elementor_367ccce .ue-bullets{\n  display:grid;\n}\n\n#uc_uc_material_bullets_elementor_367ccce .ue-text, \n#uc_uc_material_bullets_elementor_367ccce .ue-title, \n#uc_uc_material_bullets_elementor_367ccce .ue-seperator{\n  width:100%;\n}\n\n#uc_uc_material_bullets_elementor_367ccce .ue-seperator-line{\n  display:inline-block;\n  font-size:0px;\n}\n\n#uc_uc_material_bullets_elementor_367ccce .ue-seperator{\n  font-size:0px;\n}\n\n#uc_uc_material_bullets_elementor_367ccce.uc-remote-parent .uc_material_bullets_row{\n  cursor:pointer;\n}\n\n.ue-title{\n  font-size:21px;\n  margin:0;\n}\n\n#uc_uc_material_bullets_elementor_367ccce .uc_content_box > *{\n  transition: all .3s;\n}\n\n<\/style>\n\n<div class=\"uc_material_bullets  \"  id=\"uc_uc_material_bullets_elementor_367ccce\"  >   \t\n    \t<div class=\"ue-bullets uc-items-wrapper\">\n          \t<div class=\"uc_material_bullets_row elementor-repeater-item-e36bfd3\">\n  <div class=\"ue-icon-wrapper\">\n              <div class=\"ue-icon\">\n                    <i class='fas fa-chevron-circle-right'><\/i>                    \t\n\n                \n              <\/div>\n  <\/div>\n  <div class=\"uc_content_box uc_ceal\">\n    <div class=\"ue-title\">Statut szko\u0142y<\/div>\n    \n    \t\n    \n    <div class=\"ue-text\"><\/div>\t\n  <\/div>\n   \n      <a href=\"https:\/\/radocza.edu.pl\/doc\/statut_24.pdf\" class=\"ue-item-link\"  target='_blank'><\/a>\n  \t\n<\/div>\n<div class=\"uc_material_bullets_row elementor-repeater-item-efb87e7\">\n  <div class=\"ue-icon-wrapper\">\n              <div class=\"ue-icon\">\n                    <i class='fas fa-chevron-circle-right'><\/i>                    \t\n\n                \n              <\/div>\n  <\/div>\n  <div class=\"uc_content_box uc_ceal\">\n    <div class=\"ue-title\">Program wychowawczo-profilaktyczny<\/div>\n    \n    \t\n    \n    <div class=\"ue-text\"><\/div>\t\n  <\/div>\n   \n      <a href=\"https:\/\/radocza.edu.pl\/doc\/pr_pro_wych.pdf\" class=\"ue-item-link\"  target='_blank'><\/a>\n  \t\n<\/div>\n<div class=\"uc_material_bullets_row elementor-repeater-item-652cd9b\">\n  <div class=\"ue-icon-wrapper\">\n              <div class=\"ue-icon\">\n                    <i class='fas fa-chevron-circle-right'><\/i>                    \t\n\n                \n              <\/div>\n  <\/div>\n  <div class=\"uc_content_box uc_ceal\">\n    <div class=\"ue-title\">Standardy ochrony ma\u0142oletnich<\/div>\n    \n    \t\n    \n    <div class=\"ue-text\"><\/div>\t\n  <\/div>\n   \n      <a href=\"https:\/\/radocza.edu.pl\/doc\/standardy24_p.pdf\" class=\"ue-item-link\"  target='_blank'><\/a>\n  \t\n<\/div>\n<div class=\"uc_material_bullets_row elementor-repeater-item-38d4b76\">\n  <div class=\"ue-icon-wrapper\">\n              <div class=\"ue-icon\">\n                    <i class='fas fa-chevron-circle-right'><\/i>                    \t\n\n                \n              <\/div>\n  <\/div>\n  <div class=\"uc_content_box uc_ceal\">\n    <div class=\"ue-title\">RODO<\/div>\n    \n    \t\n    \n    <div class=\"ue-text\"><\/div>\t\n  <\/div>\n   \n      <a href=\"https:\/\/radocza.edu.pl\/doc\/rodo2024.pdf\" class=\"ue-item-link\"  target='_blank'><\/a>\n  \t\n<\/div>\n<div class=\"uc_material_bullets_row elementor-repeater-item-a88d171\">\n  <div class=\"ue-icon-wrapper\">\n              <div class=\"ue-icon\">\n                    <i class='fas fa-chevron-circle-right'><\/i>                    \t\n\n                \n              <\/div>\n  <\/div>\n  <div class=\"uc_content_box uc_ceal\">\n    <div class=\"ue-title\">Programy nauczania<\/div>\n    \n    \t\n    \n    <div class=\"ue-text\"><\/div>\t\n  <\/div>\n   \n      <a href=\"https:\/\/radocza.edu.pl\/doc\/programy_nauczania.pdf\" class=\"ue-item-link\"  target='_blank'><\/a>\n  \t\n<\/div>\n<div class=\"uc_material_bullets_row elementor-repeater-item-484e7bc\">\n  <div class=\"ue-icon-wrapper\">\n              <div class=\"ue-icon\">\n                    <i class='fas fa-chevron-circle-right'><\/i>                    \t\n\n                \n              <\/div>\n  <\/div>\n  <div class=\"uc_content_box uc_ceal\">\n    <div class=\"ue-title\">Regulamin wycieczek<\/div>\n    \n    \t\n    \n    <div class=\"ue-text\"><\/div>\t\n  <\/div>\n   \n      <a href=\"https:\/\/radocza.edu.pl\/doc\/regulamin_wycieczki.pdf\" class=\"ue-item-link\"  target='_blank'><\/a>\n  \t\n<\/div>\n<div class=\"uc_material_bullets_row elementor-repeater-item-2a710db\">\n  <div class=\"ue-icon-wrapper\">\n              <div class=\"ue-icon\">\n                    <i class='fas fa-chevron-circle-right'><\/i>                    \t\n\n                \n              <\/div>\n  <\/div>\n  <div class=\"uc_content_box uc_ceal\">\n    <div class=\"ue-title\">Zgoda na wycieczk\u0119<\/div>\n    \n    \t\n    \n    <div class=\"ue-text\"><\/div>\t\n  <\/div>\n   \n      <a href=\"#\" class=\"ue-item-link\" ><\/a>\n  \t\n<\/div>\n\n      <\/div>\n<\/div>\n<!-- end Icon Bullets -->\t\t\t\t<\/div>\n\t\t\t\t<\/div>\n\t\t\t\t<\/div>\n\t\t<div class=\"elementor-element elementor-element-16ed404 e-con-full e-flex e-con e-child\" data-id=\"16ed404\" data-element_type=\"container\" data-e-type=\"container\">\n\t\t\t\t<div class=\"elementor-element elementor-element-39ccf25 elementor-widget elementor-widget-heading\" data-id=\"39ccf25\" data-element_type=\"widget\" data-e-type=\"widget\" data-widget_type=\"heading.default\">\n\t\t\t\t<div class=\"elementor-widget-container\">\n\t\t\t\t\t<h4 class=\"elementor-heading-title elementor-size-default\">Rodzic\/Ucze\u0144<\/h4>\t\t\t\t<\/div>\n\t\t\t\t<\/div>\n\t\t\t\t<div class=\"elementor-element elementor-element-bf19cc5 elementor-widget elementor-widget-ucaddon_uc_material_bullets\" data-id=\"bf19cc5\" data-element_type=\"widget\" data-e-type=\"widget\" data-widget_type=\"ucaddon_uc_material_bullets.default\">\n\t\t\t\t<div class=\"elementor-widget-container\">\n\t\t\t\t\t\n<!-- start Icon Bullets -->\n\n<style>\/* widget: Icon Bullets *\/\n\n\n\n#uc_uc_material_bullets_elementor_bf19cc5 *{\n\t-webkit-box-sizing: border-box;\n\t-moz-box-sizing: border-box;\n\tbox-sizing: border-box;\n}\n\n#uc_uc_material_bullets_elementor_bf19cc5 .ue-icon-wrapper{\n\tdisplay: flex;\n}\n\n#uc_uc_material_bullets_elementor_bf19cc5 .ue-icon{\n  display:flex;\n  align-items:center;\n  justify-content:center;\n  flex-grow:0;\n  flex-shrink:0;\n  line-height:1em;\n  transition:0.3s;\n}\n\n#uc_uc_material_bullets_elementor_bf19cc5 .ue-icon svg{\n  height:1em;\n  width:1em;\n}\n\n#uc_uc_material_bullets_elementor_bf19cc5 .uc_material_bullets_row{\n\tfont-weight:400;\n\toverflow:hidden;\n\tdisplay:flex;\n\tposition:relative;\n\ttext-align:left;\n\twidth:100%;   \n    transition:0.3s;\n}\n\n#uc_uc_material_bullets_elementor_bf19cc5 .uc_material_bullets_row a.ue-item-link{\n  position:absolute;\n  display:block;\n  top:0;\n  right:0;\n  left:0;\n  bottom:0;\n}\n\n#uc_uc_material_bullets_elementor_bf19cc5 .uc_material_bullets_row:last-child{\n\tmargin-bottom:0px !important;\n}\n\n\n#uc_uc_material_bullets_elementor_bf19cc5 .uc_material_bullets_row {\n\tposition:relative;\n\tvertical-align:middle;\n}\n\n#uc_uc_material_bullets_elementor_bf19cc5 .uc_material_bullets_row .uc_content_box{\n\tdisplay:flex;\n    flex-direction:column;\n    justify-content:center;\n    align-items: flex-start;\n    flex-grow:1;\n}\n\n#uc_uc_material_bullets_elementor_bf19cc5 .ue-bullets{\n  display:grid;\n}\n\n#uc_uc_material_bullets_elementor_bf19cc5 .ue-text, \n#uc_uc_material_bullets_elementor_bf19cc5 .ue-title, \n#uc_uc_material_bullets_elementor_bf19cc5 .ue-seperator{\n  width:100%;\n}\n\n#uc_uc_material_bullets_elementor_bf19cc5 .ue-seperator-line{\n  display:inline-block;\n  font-size:0px;\n}\n\n#uc_uc_material_bullets_elementor_bf19cc5 .ue-seperator{\n  font-size:0px;\n}\n\n#uc_uc_material_bullets_elementor_bf19cc5.uc-remote-parent .uc_material_bullets_row{\n  cursor:pointer;\n}\n\n.ue-title{\n  font-size:21px;\n  margin:0;\n}\n\n#uc_uc_material_bullets_elementor_bf19cc5 .uc_content_box > *{\n  transition: all .3s;\n}\n\n<\/style>\n\n<div class=\"uc_material_bullets  \"  id=\"uc_uc_material_bullets_elementor_bf19cc5\"  >   \t\n    \t<div class=\"ue-bullets uc-items-wrapper\">\n          \t<div class=\"uc_material_bullets_row elementor-repeater-item-e36bfd3\">\n  <div class=\"ue-icon-wrapper\">\n              <div class=\"ue-icon\">\n                    <i class='fas fa-chevron-circle-right'><\/i>                    \t\n\n                \n              <\/div>\n  <\/div>\n  <div class=\"uc_content_box uc_ceal\">\n    <div class=\"ue-title\">Wz\u00f3r zwolnienia z lekcji<\/div>\n    \n    \t\n    \n    <div class=\"ue-text\"><\/div>\t\n  <\/div>\n   \n      <a href=\"https:\/\/radocza.edu.pl\/doc\/zwolnienie.pdf\" class=\"ue-item-link\"  target='_blank'><\/a>\n  \t\n<\/div>\n<div class=\"uc_material_bullets_row elementor-repeater-item-efb87e7\">\n  <div class=\"ue-icon-wrapper\">\n              <div class=\"ue-icon\">\n                    <i class='fas fa-chevron-circle-right'><\/i>                    \t\n\n                \n              <\/div>\n  <\/div>\n  <div class=\"uc_content_box uc_ceal\">\n    <div class=\"ue-title\">Wz\u00f3r usprawiedliwienia<\/div>\n    \n    \t\n    \n    <div class=\"ue-text\"><\/div>\t\n  <\/div>\n   \n      <a href=\"https:\/\/radocza.edu.pl\/doc\/usprawiedliwienie.pdf\" class=\"ue-item-link\"  target='_blank'><\/a>\n  \t\n<\/div>\n<div class=\"uc_material_bullets_row elementor-repeater-item-652cd9b\">\n  <div class=\"ue-icon-wrapper\">\n              <div class=\"ue-icon\">\n                    <i class='fas fa-chevron-circle-right'><\/i>                    \t\n\n                \n              <\/div>\n  <\/div>\n  <div class=\"uc_content_box uc_ceal\">\n    <div class=\"ue-title\">Podr\u0119czniki<\/div>\n    \n    \t\n    \n    <div class=\"ue-text\"><\/div>\t\n  <\/div>\n   \n      <a href=\"https:\/\/radocza.edu.pl\/doc\/podreczniki.pdf\" class=\"ue-item-link\"  target='_blank'><\/a>\n  \t\n<\/div>\n<div class=\"uc_material_bullets_row elementor-repeater-item-f2caa5b\">\n  <div class=\"ue-icon-wrapper\">\n              <div class=\"ue-icon\">\n                    <i class='fas fa-chevron-circle-right'><\/i>                    \t\n\n                \n              <\/div>\n  <\/div>\n  <div class=\"uc_content_box uc_ceal\">\n    <div class=\"ue-title\">Standardy ochrony ma\u0142oletnich - skr\u00f3t<\/div>\n    \n    \t\n    \n    <div class=\"ue-text\"><\/div>\t\n  <\/div>\n   \n      <a href=\"https:\/\/radocza.edu.pl\/doc\/standardy24_sk.pdf\" class=\"ue-item-link\"  target='_blank'><\/a>\n  \t\n<\/div>\n\n      <\/div>\n<\/div>\n<!-- end Icon Bullets -->\t\t\t\t<\/div>\n\t\t\t\t<\/div>\n\t\t\t\t<\/div>\n\t\t\t\t<\/div>\n\t\t\t\t\t<\/div>\n\t\t\t\t<\/div>\n\t\t\t\t<\/div>\n\t\t","protected":false},"excerpt":{"rendered":"<p>Szko\u0142a Dokumenty Szko\u0142a Statut szko\u0142y Program wychowawczo-profilaktyczny Standardy ochrony ma\u0142oletnich RODO Programy nauczania Regulamin wycieczek Zgoda na wycieczk\u0119 Rodzic\/Ucze\u0144 Wz\u00f3r [&hellip;]<\/p>\n","protected":false},"author":2,"featured_media":0,"parent":855,"menu_order":0,"comment_status":"closed","ping_status":"closed","template":"","meta":{"inline_featured_image":false,"_uag_custom_page_level_css":"","site-sidebar-layout":"no-sidebar","site-content-layout":"","ast-site-content-layout":"full-width-container","site-content-style":"default","site-sidebar-style":"default","ast-global-header-display":"","ast-banner-title-visibility":"","ast-main-header-display":"","ast-hfb-above-header-display":"","ast-hfb-below-header-display":"","ast-hfb-mobile-header-display":"","site-post-title":"disabled","ast-breadcrumbs-content":"","ast-featured-img":"disabled","footer-sml-layout":"","ast-disable-related-posts":"","theme-transparent-header-meta":"","adv-header-id-meta":"","stick-header-meta":"","header-above-stick-meta":"","header-main-stick-meta":"","header-below-stick-meta":"","astra-migrate-meta-layouts":"default","ast-page-background-enabled":"default","ast-page-background-meta":{"desktop":{"background-color":"var(--ast-global-color-4)","background-image":"","background-repeat":"repeat","background-position":"center center","background-size":"auto","background-attachment":"scroll","background-type":"","background-media":"","overlay-type":"","overlay-color":"","overlay-opacity":"","overlay-gradient":""},"tablet":{"background-color":"","background-image":"","background-repeat":"repeat","background-position":"center center","background-size":"auto","background-attachment":"scroll","background-type":"","background-media":"","overlay-type":"","overlay-color":"","overlay-opacity":"","overlay-gradient":""},"mobile":{"background-color":"","background-image":"","background-repeat":"repeat","background-position":"center center","background-size":"auto","background-attachment":"scroll","background-type":"","background-media":"","overlay-type":"","overlay-color":"","overlay-opacity":"","overlay-gradient":""}},"ast-content-background-meta":{"desktop":{"background-color":"var(--ast-global-color-5)","background-image":"","background-repeat":"repeat","background-position":"center center","background-size":"auto","background-attachment":"scroll","background-type":"","background-media":"","overlay-type":"","overlay-color":"","overlay-opacity":"","overlay-gradient":""},"tablet":{"background-color":"var(--ast-global-color-5)","background-image":"","background-repeat":"repeat","background-position":"center center","background-size":"auto","background-attachment":"scroll","background-type":"","background-media":"","overlay-type":"","overlay-color":"","overlay-opacity":"","overlay-gradient":""},"mobile":{"background-color":"var(--ast-global-color-5)","background-image":"","background-repeat":"repeat","background-position":"center center","background-size":"auto","background-attachment":"scroll","background-type":"","background-media":"","overlay-type":"","overlay-color":"","overlay-opacity":"","overlay-gradient":""}},"footnotes":""},"class_list":["post-1089","page","type-page","status-publish","hentry"],"uagb_featured_image_src":{"full":false,"thumbnail":false,"medium":false,"medium_large":false,"large":false,"1536x1536":false,"2048x2048":false},"uagb_author_info":{"display_name":"Mariusz Wawro","author_link":"https:\/\/radocza.edu.pl\/edu\/author\/mariusz-wawroradocza-edu-pl\/"},"uagb_comment_info":0,"uagb_excerpt":"Szko\u0142a Dokumenty Szko\u0142a Statut szko\u0142y Program wychowawczo-profilaktyczny Standardy ochrony ma\u0142oletnich RODO Programy nauczania Regulamin wycieczek Zgoda na wycieczk\u0119 Rodzic\/Ucze\u0144 Wz\u00f3r [&hellip;]","_links":{"self":[{"href":"https:\/\/radocza.edu.pl\/edu\/wp-json\/wp\/v2\/pages\/1089"}],"collection":[{"href":"https:\/\/radocza.edu.pl\/edu\/wp-json\/wp\/v2\/pages"}],"about":[{"href":"https:\/\/radocza.edu.pl\/edu\/wp-json\/wp\/v2\/types\/page"}],"author":[{"embeddable":true,"href":"https:\/\/radocza.edu.pl\/edu\/wp-json\/wp\/v2\/users\/2"}],"replies":[{"embeddable":true,"href":"https:\/\/radocza.edu.pl\/edu\/wp-json\/wp\/v2\/comments?post=1089"}],"version-history":[{"count":15,"href":"https:\/\/radocza.edu.pl\/edu\/wp-json\/wp\/v2\/pages\/1089\/revisions"}],"predecessor-version":[{"id":1617,"href":"https:\/\/radocza.edu.pl\/edu\/wp-json\/wp\/v2\/pages\/1089\/revisions\/1617"}],"up":[{"embeddable":true,"href":"https:\/\/radocza.edu.pl\/edu\/wp-json\/wp\/v2\/pages\/855"}],"wp:attachment":[{"href":"https:\/\/radocza.edu.pl\/edu\/wp-json\/wp\/v2\/media?parent=1089"}],"curies":[{"name":"wp","href":"https:\/\/api.w.org\/{rel}","templated":true}]}}