{"id":1498,"date":"2024-10-22T05:10:46","date_gmt":"2024-10-22T05:10:46","guid":{"rendered":"https:\/\/radocza.edu.pl\/edu\/?page_id=1498"},"modified":"2024-10-22T07:14:48","modified_gmt":"2024-10-22T07:14:48","slug":"biblioteka","status":"publish","type":"page","link":"https:\/\/radocza.edu.pl\/edu\/szkola\/biblioteka\/","title":{"rendered":"Biblioteka"},"content":{"rendered":"\t\t<div data-elementor-type=\"wp-page\" data-elementor-id=\"1498\" class=\"elementor elementor-1498\">\n\t\t\t\t<div class=\"elementor-element elementor-element-7998c3b rs_pad-sec e-flex e-con-boxed e-con e-parent\" data-id=\"7998c3b\" data-element_type=\"container\" data-e-type=\"container\">\n\t\t\t\t\t<div class=\"e-con-inner\">\n\t\t\t\t<div class=\"elementor-element elementor-element-31d5ddd sr_title elementor-widget elementor-widget-heading\" data-id=\"31d5ddd\" data-element_type=\"widget\" data-e-type=\"widget\" data-widget_type=\"heading.default\">\n\t\t\t\t<div class=\"elementor-widget-container\">\n\t\t\t\t\t<h2 class=\"elementor-heading-title elementor-size-default\">Szko\u0142a<\/h2>\t\t\t\t<\/div>\n\t\t\t\t<\/div>\n\t\t\t\t<div class=\"elementor-element elementor-element-c6d40ab elementor-invisible elementor-widget elementor-widget-heading\" data-id=\"c6d40ab\" data-element_type=\"widget\" data-e-type=\"widget\" data-settings=\"{&quot;_animation&quot;:&quot;bounceInLeft&quot;}\" data-widget_type=\"heading.default\">\n\t\t\t\t<div class=\"elementor-widget-container\">\n\t\t\t\t\t<div class=\"elementor-heading-title elementor-size-default\">Biblioteka\n<\/div>\t\t\t\t<\/div>\n\t\t\t\t<\/div>\n\t\t\t\t\t<\/div>\n\t\t\t\t<\/div>\n\t\t<div class=\"elementor-element elementor-element-f2ce87c rs_pad-sec e-flex e-con-boxed e-con e-parent\" data-id=\"f2ce87c\" data-element_type=\"container\" data-e-type=\"container\">\n\t\t\t\t\t<div class=\"e-con-inner\">\n\t\t<div class=\"elementor-element elementor-element-63a47c4 e-con-full e-flex e-con e-child\" data-id=\"63a47c4\" data-element_type=\"container\" data-e-type=\"container\">\n\t\t\t\t<div class=\"elementor-element elementor-element-e54e2c9 elementor-widget elementor-widget-heading\" data-id=\"e54e2c9\" data-element_type=\"widget\" data-e-type=\"widget\" data-widget_type=\"heading.default\">\n\t\t\t\t<div class=\"elementor-widget-container\">\n\t\t\t\t\t<div class=\"elementor-heading-title elementor-size-default\"><b>Godziny pracy biblioteki<\/b><br><br>\n\nPoniedzia\u0142ek            7.30-11.25,   12.25-14.10,  15.10-15.30,<br><br>\n\nWtorek                     7.30-10.30,     11.30-15.00,   <br><br>        \n\n\u015aroda                        7.30-13.00,<br><br>\n\nCzwartek                  7.30-14.00,<br><br>\n\nPi\u0105tek                        7.30-7.45,   8.45-14.00,<br><br><\/div>\t\t\t\t<\/div>\n\t\t\t\t<\/div>\n\t\t\t\t<div class=\"elementor-element elementor-element-c44594a elementor-button-info elementor-align-left elementor-widget__width-auto elementor-mobile-align-justify elementor-widget-mobile__width-inherit ask-for-contact-2 elementor-widget elementor-widget-button\" data-id=\"c44594a\" data-element_type=\"widget\" data-e-type=\"widget\" data-widget_type=\"button.default\">\n\t\t\t\t<div class=\"elementor-widget-container\">\n\t\t\t\t\t\t\t\t\t<div class=\"elementor-button-wrapper\">\n\t\t\t\t\t<a class=\"elementor-button elementor-button-link elementor-size-md elementor-animation-grow\" href=\"https:\/\/m014376.molnet.mol.pl\/\" target=\"_blank\">\n\t\t\t\t\t\t<span class=\"elementor-button-content-wrapper\">\n\t\t\t\t\t\t<span class=\"elementor-button-icon\">\n\t\t\t\t<svg aria-hidden=\"true\" class=\"e-font-icon-svg e-fas-list-ul\" viewBox=\"0 0 512 512\" xmlns=\"http:\/\/www.w3.org\/2000\/svg\"><path d=\"M48 48a48 48 0 1 0 48 48 48 48 0 0 0-48-48zm0 160a48 48 0 1 0 48 48 48 48 0 0 0-48-48zm0 160a48 48 0 1 0 48 48 48 48 0 0 0-48-48zm448 16H176a16 16 0 0 0-16 16v32a16 16 0 0 0 16 16h320a16 16 0 0 0 16-16v-32a16 16 0 0 0-16-16zm0-320H176a16 16 0 0 0-16 16v32a16 16 0 0 0 16 16h320a16 16 0 0 0 16-16V80a16 16 0 0 0-16-16zm0 160H176a16 16 0 0 0-16 16v32a16 16 0 0 0 16 16h320a16 16 0 0 0 16-16v-32a16 16 0 0 0-16-16z\"><\/path><\/svg>\t\t\t<\/span>\n\t\t\t\t\t\t\t\t\t<span class=\"elementor-button-text\">katalog elektroniczny biblioteki<\/span>\n\t\t\t\t\t<\/span>\n\t\t\t\t\t<\/a>\n\t\t\t\t<\/div>\n\t\t\t\t\t\t\t\t<\/div>\n\t\t\t\t<\/div>\n\t\t\t\t<\/div>\n\t\t\t\t\t<\/div>\n\t\t\t\t<\/div>\n\t\t<div class=\"elementor-element elementor-element-43a7348 e-con-full e-flex e-con e-parent\" data-id=\"43a7348\" data-element_type=\"container\" data-e-type=\"container\">\n\t\t\t\t<\/div>\n\t\t\t\t<\/div>\n\t\t","protected":false},"excerpt":{"rendered":"<p>Szko\u0142a Biblioteka Godziny pracy biblioteki Poniedzia\u0142ek 7.30-11.25, 12.25-14.10, 15.10-15.30, Wtorek 7.30-10.30, 11.30-15.00, \u015aroda 7.30-13.00, Czwartek 7.30-14.00, Pi\u0105tek 7.30-7.45, 8.45-14.00, katalog [&hellip;]<\/p>\n","protected":false},"author":1,"featured_media":0,"parent":855,"menu_order":0,"comment_status":"closed","ping_status":"closed","template":"","meta":{"inline_featured_image":false,"_uag_custom_page_level_css":"","site-sidebar-layout":"no-sidebar","site-content-layout":"","ast-site-content-layout":"full-width-container","site-content-style":"default","site-sidebar-style":"default","ast-global-header-display":"","ast-banner-title-visibility":"","ast-main-header-display":"","ast-hfb-above-header-display":"","ast-hfb-below-header-display":"","ast-hfb-mobile-header-display":"","site-post-title":"disabled","ast-breadcrumbs-content":"","ast-featured-img":"disabled","footer-sml-layout":"","ast-disable-related-posts":"","theme-transparent-header-meta":"","adv-header-id-meta":"","stick-header-meta":"","header-above-stick-meta":"","header-main-stick-meta":"","header-below-stick-meta":"","astra-migrate-meta-layouts":"default","ast-page-background-enabled":"default","ast-page-background-meta":{"desktop":{"background-color":"var(--ast-global-color-4)","background-image":"","background-repeat":"repeat","background-position":"center center","background-size":"auto","background-attachment":"scroll","background-type":"","background-media":"","overlay-type":"","overlay-color":"","overlay-opacity":"","overlay-gradient":""},"tablet":{"background-color":"","background-image":"","background-repeat":"repeat","background-position":"center center","background-size":"auto","background-attachment":"scroll","background-type":"","background-media":"","overlay-type":"","overlay-color":"","overlay-opacity":"","overlay-gradient":""},"mobile":{"background-color":"","background-image":"","background-repeat":"repeat","background-position":"center center","background-size":"auto","background-attachment":"scroll","background-type":"","background-media":"","overlay-type":"","overlay-color":"","overlay-opacity":"","overlay-gradient":""}},"ast-content-background-meta":{"desktop":{"background-color":"var(--ast-global-color-5)","background-image":"","background-repeat":"repeat","background-position":"center center","background-size":"auto","background-attachment":"scroll","background-type":"","background-media":"","overlay-type":"","overlay-color":"","overlay-opacity":"","overlay-gradient":""},"tablet":{"background-color":"var(--ast-global-color-5)","background-image":"","background-repeat":"repeat","background-position":"center center","background-size":"auto","background-attachment":"scroll","background-type":"","background-media":"","overlay-type":"","overlay-color":"","overlay-opacity":"","overlay-gradient":""},"mobile":{"background-color":"var(--ast-global-color-5)","background-image":"","background-repeat":"repeat","background-position":"center center","background-size":"auto","background-attachment":"scroll","background-type":"","background-media":"","overlay-type":"","overlay-color":"","overlay-opacity":"","overlay-gradient":""}},"footnotes":""},"class_list":["post-1498","page","type-page","status-publish","hentry"],"uagb_featured_image_src":{"full":false,"thumbnail":false,"medium":false,"medium_large":false,"large":false,"1536x1536":false,"2048x2048":false},"uagb_author_info":{"display_name":"admin","author_link":"https:\/\/radocza.edu.pl\/edu\/author\/admin\/"},"uagb_comment_info":0,"uagb_excerpt":"Szko\u0142a Biblioteka Godziny pracy biblioteki Poniedzia\u0142ek 7.30-11.25, 12.25-14.10, 15.10-15.30, Wtorek 7.30-10.30, 11.30-15.00, \u015aroda 7.30-13.00, Czwartek 7.30-14.00, Pi\u0105tek 7.30-7.45, 8.45-14.00, katalog [&hellip;]","_links":{"self":[{"href":"https:\/\/radocza.edu.pl\/edu\/wp-json\/wp\/v2\/pages\/1498"}],"collection":[{"href":"https:\/\/radocza.edu.pl\/edu\/wp-json\/wp\/v2\/pages"}],"about":[{"href":"https:\/\/radocza.edu.pl\/edu\/wp-json\/wp\/v2\/types\/page"}],"author":[{"embeddable":true,"href":"https:\/\/radocza.edu.pl\/edu\/wp-json\/wp\/v2\/users\/1"}],"replies":[{"embeddable":true,"href":"https:\/\/radocza.edu.pl\/edu\/wp-json\/wp\/v2\/comments?post=1498"}],"version-history":[{"count":16,"href":"https:\/\/radocza.edu.pl\/edu\/wp-json\/wp\/v2\/pages\/1498\/revisions"}],"predecessor-version":[{"id":1602,"href":"https:\/\/radocza.edu.pl\/edu\/wp-json\/wp\/v2\/pages\/1498\/revisions\/1602"}],"up":[{"embeddable":true,"href":"https:\/\/radocza.edu.pl\/edu\/wp-json\/wp\/v2\/pages\/855"}],"wp:attachment":[{"href":"https:\/\/radocza.edu.pl\/edu\/wp-json\/wp\/v2\/media?parent=1498"}],"curies":[{"name":"wp","href":"https:\/\/api.w.org\/{rel}","templated":true}]}}